{"id":2161,"date":"2024-04-23T08:34:28","date_gmt":"2024-04-23T08:34:28","guid":{"rendered":"https:\/\/bcdplast.ee\/?post_type=product&#038;p=2161"},"modified":"2024-12-17T21:34:45","modified_gmt":"2024-12-17T21:34:45","slug":"pur-soojustus-kumblustunnile","status":"publish","type":"product","link":"https:\/\/bcdplast.ee\/en\/toode\/pur-soojustus-kumblustunnile\/","title":{"rendered":"PUR soojustus k\u00fcmblust\u00fcnnile"},"content":{"rendered":"","protected":false},"excerpt":{"rendered":"<p>PUR Soojustus aitab hoida soojana ja paremini \u00fchtlustada t\u00fcnni sees olevat veetemperatuuri.<\/p>\n","protected":false},"featured_media":3213,"template":"","meta":{"_lmt_disableupdate":"no","_lmt_disable":""},"product_brand":[],"product_cat":[81],"product_tag":[],"class_list":{"0":"post-2161","1":"product","2":"type-product","3":"status-publish","4":"has-post-thumbnail","6":"product_cat-lisavarustus","8":"first","9":"instock","10":"taxable","11":"shipping-taxable","12":"purchasable","13":"product-type-variable"},"yoast_head":"<!-- This site is optimized with the Yoast SEO Premium plugin v24.1 (Yoast SEO v27.4) - https:\/\/yoast.com\/product\/yoast-seo-premium-wordpress\/ -->\n<title>PUR soojustus k\u00fcmblust\u00fcnnile - BCD Plast<\/title>\n<meta name=\"robots\" content=\"index, follow, max-snippet:-1, max-image-preview:large, max-video-preview:-1\" \/>\n<link rel=\"canonical\" href=\"https:\/\/bcdplast.ee\/toode\/pur-soojustus-kumblustunnile\/\" \/>\n<meta property=\"og:locale\" content=\"en_US\" \/>\n<meta property=\"og:type\" content=\"article\" \/>\n<meta property=\"og:title\" content=\"PUR soojustus k\u00fcmblust\u00fcnnile\" \/>\n<meta property=\"og:description\" content=\"PUR Soojustus aitab hoida soojana ja paremini \u00fchtlustada t\u00fcnni sees olevat veetemperatuuri.\" \/>\n<meta property=\"og:url\" content=\"https:\/\/bcdplast.ee\/toode\/pur-soojustus-kumblustunnile\/\" \/>\n<meta property=\"og:site_name\" content=\"BCD Plast\" \/>\n<meta property=\"article:publisher\" content=\"https:\/\/www.facebook.com\/profile.php?id=61553383468689\" \/>\n<meta property=\"article:modified_time\" content=\"2024-12-17T21:34:45+00:00\" \/>\n<meta property=\"og:image\" content=\"https:\/\/bcdplast.ee\/wp-content\/uploads\/2024\/04\/pure-vaht-scaled.jpg\" \/>\n\t<meta property=\"og:image:width\" content=\"2560\" \/>\n\t<meta property=\"og:image:height\" content=\"1496\" \/>\n\t<meta property=\"og:image:type\" content=\"image\/jpeg\" \/>\n<meta name=\"twitter:card\" content=\"summary_large_image\" \/>\n<script type=\"application\/ld+json\" class=\"yoast-schema-graph\">{\"@context\":\"https:\\\/\\\/schema.org\",\"@graph\":[{\"@type\":\"WebPage\",\"@id\":\"https:\\\/\\\/bcdplast.ee\\\/toode\\\/pur-soojustus-kumblustunnile\\\/\",\"url\":\"https:\\\/\\\/bcdplast.ee\\\/toode\\\/pur-soojustus-kumblustunnile\\\/\",\"name\":\"PUR soojustus k\u00fcmblust\u00fcnnile - BCD Plast\",\"isPartOf\":{\"@id\":\"https:\\\/\\\/bcdplast.ee\\\/en\\\/#website\"},\"primaryImageOfPage\":{\"@id\":\"https:\\\/\\\/bcdplast.ee\\\/toode\\\/pur-soojustus-kumblustunnile\\\/#primaryimage\"},\"image\":{\"@id\":\"https:\\\/\\\/bcdplast.ee\\\/toode\\\/pur-soojustus-kumblustunnile\\\/#primaryimage\"},\"thumbnailUrl\":\"https:\\\/\\\/bcdplast.ee\\\/wp-content\\\/uploads\\\/2024\\\/04\\\/pure-vaht-scaled.jpg\",\"datePublished\":\"2024-04-23T08:34:28+00:00\",\"dateModified\":\"2024-12-17T21:34:45+00:00\",\"breadcrumb\":{\"@id\":\"https:\\\/\\\/bcdplast.ee\\\/toode\\\/pur-soojustus-kumblustunnile\\\/#breadcrumb\"},\"inLanguage\":\"en-US\",\"potentialAction\":[{\"@type\":\"ReadAction\",\"target\":[\"https:\\\/\\\/bcdplast.ee\\\/toode\\\/pur-soojustus-kumblustunnile\\\/\"]}]},{\"@type\":\"ImageObject\",\"inLanguage\":\"en-US\",\"@id\":\"https:\\\/\\\/bcdplast.ee\\\/toode\\\/pur-soojustus-kumblustunnile\\\/#primaryimage\",\"url\":\"https:\\\/\\\/bcdplast.ee\\\/wp-content\\\/uploads\\\/2024\\\/04\\\/pure-vaht-scaled.jpg\",\"contentUrl\":\"https:\\\/\\\/bcdplast.ee\\\/wp-content\\\/uploads\\\/2024\\\/04\\\/pure-vaht-scaled.jpg\",\"width\":2560,\"height\":1496},{\"@type\":\"BreadcrumbList\",\"@id\":\"https:\\\/\\\/bcdplast.ee\\\/toode\\\/pur-soojustus-kumblustunnile\\\/#breadcrumb\",\"itemListElement\":[{\"@type\":\"ListItem\",\"position\":1,\"name\":\"Home\",\"item\":\"https:\\\/\\\/bcdplast.ee\\\/en\\\/\"},{\"@type\":\"ListItem\",\"position\":2,\"name\":\"Pood\",\"item\":\"https:\\\/\\\/bcdplast.ee\\\/pood\\\/\"},{\"@type\":\"ListItem\",\"position\":3,\"name\":\"PUR soojustus k\u00fcmblust\u00fcnnile\"}]},{\"@type\":\"WebSite\",\"@id\":\"https:\\\/\\\/bcdplast.ee\\\/en\\\/#website\",\"url\":\"https:\\\/\\\/bcdplast.ee\\\/en\\\/\",\"name\":\"BCDPlast.ee\",\"description\":\"\",\"publisher\":{\"@id\":\"https:\\\/\\\/bcdplast.ee\\\/en\\\/#organization\"},\"potentialAction\":[{\"@type\":\"SearchAction\",\"target\":{\"@type\":\"EntryPoint\",\"urlTemplate\":\"https:\\\/\\\/bcdplast.ee\\\/en\\\/?s={search_term_string}\"},\"query-input\":{\"@type\":\"PropertyValueSpecification\",\"valueRequired\":true,\"valueName\":\"search_term_string\"}}],\"inLanguage\":\"en-US\"},{\"@type\":\"Organization\",\"@id\":\"https:\\\/\\\/bcdplast.ee\\\/en\\\/#organization\",\"name\":\"BCDsync o\u00fc\",\"url\":\"https:\\\/\\\/bcdplast.ee\\\/en\\\/\",\"logo\":{\"@type\":\"ImageObject\",\"inLanguage\":\"en-US\",\"@id\":\"https:\\\/\\\/bcdplast.ee\\\/en\\\/#\\\/schema\\\/logo\\\/image\\\/\",\"url\":\"https:\\\/\\\/bcdplast.ee\\\/wp-content\\\/uploads\\\/2024\\\/04\\\/VALGE-1.jpg\",\"contentUrl\":\"https:\\\/\\\/bcdplast.ee\\\/wp-content\\\/uploads\\\/2024\\\/04\\\/VALGE-1.jpg\",\"width\":800,\"height\":800,\"caption\":\"BCDsync o\u00fc\"},\"image\":{\"@id\":\"https:\\\/\\\/bcdplast.ee\\\/en\\\/#\\\/schema\\\/logo\\\/image\\\/\"},\"sameAs\":[\"https:\\\/\\\/www.facebook.com\\\/profile.php?id=61553383468689\"]}]}<\/script>\n<!-- \/ Yoast SEO Premium plugin. -->","yoast_head_json":{"title":"PUR soojustus k\u00fcmblust\u00fcnnile - BCD Plast","robots":{"index":"index","follow":"follow","max-snippet":"max-snippet:-1","max-image-preview":"max-image-preview:large","max-video-preview":"max-video-preview:-1"},"canonical":"https:\/\/bcdplast.ee\/toode\/pur-soojustus-kumblustunnile\/","og_locale":"en_US","og_type":"article","og_title":"PUR soojustus k\u00fcmblust\u00fcnnile","og_description":"PUR Soojustus aitab hoida soojana ja paremini \u00fchtlustada t\u00fcnni sees olevat veetemperatuuri.","og_url":"https:\/\/bcdplast.ee\/toode\/pur-soojustus-kumblustunnile\/","og_site_name":"BCD Plast","article_publisher":"https:\/\/www.facebook.com\/profile.php?id=61553383468689","article_modified_time":"2024-12-17T21:34:45+00:00","og_image":[{"width":2560,"height":1496,"url":"https:\/\/bcdplast.ee\/wp-content\/uploads\/2024\/04\/pure-vaht-scaled.jpg","type":"image\/jpeg"}],"twitter_card":"summary_large_image","schema":{"@context":"https:\/\/schema.org","@graph":[{"@type":"WebPage","@id":"https:\/\/bcdplast.ee\/toode\/pur-soojustus-kumblustunnile\/","url":"https:\/\/bcdplast.ee\/toode\/pur-soojustus-kumblustunnile\/","name":"PUR soojustus k\u00fcmblust\u00fcnnile - BCD Plast","isPartOf":{"@id":"https:\/\/bcdplast.ee\/en\/#website"},"primaryImageOfPage":{"@id":"https:\/\/bcdplast.ee\/toode\/pur-soojustus-kumblustunnile\/#primaryimage"},"image":{"@id":"https:\/\/bcdplast.ee\/toode\/pur-soojustus-kumblustunnile\/#primaryimage"},"thumbnailUrl":"https:\/\/bcdplast.ee\/wp-content\/uploads\/2024\/04\/pure-vaht-scaled.jpg","datePublished":"2024-04-23T08:34:28+00:00","dateModified":"2024-12-17T21:34:45+00:00","breadcrumb":{"@id":"https:\/\/bcdplast.ee\/toode\/pur-soojustus-kumblustunnile\/#breadcrumb"},"inLanguage":"en-US","potentialAction":[{"@type":"ReadAction","target":["https:\/\/bcdplast.ee\/toode\/pur-soojustus-kumblustunnile\/"]}]},{"@type":"ImageObject","inLanguage":"en-US","@id":"https:\/\/bcdplast.ee\/toode\/pur-soojustus-kumblustunnile\/#primaryimage","url":"https:\/\/bcdplast.ee\/wp-content\/uploads\/2024\/04\/pure-vaht-scaled.jpg","contentUrl":"https:\/\/bcdplast.ee\/wp-content\/uploads\/2024\/04\/pure-vaht-scaled.jpg","width":2560,"height":1496},{"@type":"BreadcrumbList","@id":"https:\/\/bcdplast.ee\/toode\/pur-soojustus-kumblustunnile\/#breadcrumb","itemListElement":[{"@type":"ListItem","position":1,"name":"Home","item":"https:\/\/bcdplast.ee\/en\/"},{"@type":"ListItem","position":2,"name":"Pood","item":"https:\/\/bcdplast.ee\/pood\/"},{"@type":"ListItem","position":3,"name":"PUR soojustus k\u00fcmblust\u00fcnnile"}]},{"@type":"WebSite","@id":"https:\/\/bcdplast.ee\/en\/#website","url":"https:\/\/bcdplast.ee\/en\/","name":"BCDPlast.ee","description":"","publisher":{"@id":"https:\/\/bcdplast.ee\/en\/#organization"},"potentialAction":[{"@type":"SearchAction","target":{"@type":"EntryPoint","urlTemplate":"https:\/\/bcdplast.ee\/en\/?s={search_term_string}"},"query-input":{"@type":"PropertyValueSpecification","valueRequired":true,"valueName":"search_term_string"}}],"inLanguage":"en-US"},{"@type":"Organization","@id":"https:\/\/bcdplast.ee\/en\/#organization","name":"BCDsync o\u00fc","url":"https:\/\/bcdplast.ee\/en\/","logo":{"@type":"ImageObject","inLanguage":"en-US","@id":"https:\/\/bcdplast.ee\/en\/#\/schema\/logo\/image\/","url":"https:\/\/bcdplast.ee\/wp-content\/uploads\/2024\/04\/VALGE-1.jpg","contentUrl":"https:\/\/bcdplast.ee\/wp-content\/uploads\/2024\/04\/VALGE-1.jpg","width":800,"height":800,"caption":"BCDsync o\u00fc"},"image":{"@id":"https:\/\/bcdplast.ee\/en\/#\/schema\/logo\/image\/"},"sameAs":["https:\/\/www.facebook.com\/profile.php?id=61553383468689"]}]}},"_links":{"self":[{"href":"https:\/\/bcdplast.ee\/en\/wp-json\/wp\/v2\/product\/2161","targetHints":{"allow":["GET"]}}],"collection":[{"href":"https:\/\/bcdplast.ee\/en\/wp-json\/wp\/v2\/product"}],"about":[{"href":"https:\/\/bcdplast.ee\/en\/wp-json\/wp\/v2\/types\/product"}],"wp:featuredmedia":[{"embeddable":true,"href":"https:\/\/bcdplast.ee\/en\/wp-json\/wp\/v2\/media\/3213"}],"wp:attachment":[{"href":"https:\/\/bcdplast.ee\/en\/wp-json\/wp\/v2\/media?parent=2161"}],"wp:term":[{"taxonomy":"product_brand","embeddable":true,"href":"https:\/\/bcdplast.ee\/en\/wp-json\/wp\/v2\/product_brand?post=2161"},{"taxonomy":"product_cat","embeddable":true,"href":"https:\/\/bcdplast.ee\/en\/wp-json\/wp\/v2\/product_cat?post=2161"},{"taxonomy":"product_tag","embeddable":true,"href":"https:\/\/bcdplast.ee\/en\/wp-json\/wp\/v2\/product_tag?post=2161"}],"curies":[{"name":"wp","href":"https:\/\/api.w.org\/{rel}","templated":true}]}}