{"id":2263,"date":"2024-05-02T13:17:06","date_gmt":"2024-05-02T13:17:06","guid":{"rendered":"https:\/\/bcdplast.ee\/?post_type=product&#038;p=2263"},"modified":"2025-08-24T10:52:20","modified_gmt":"2025-08-24T10:52:20","slug":"kumblustunn-bcd1800-valmislahendus","status":"publish","type":"product","link":"https:\/\/bcdplast.ee\/en\/toode\/kumblustunn-bcd1800-valmislahendus\/","title":{"rendered":"K\u00fcmblust\u00fcnn BCD1800 (valmislahendus)"},"content":{"rendered":"<p>K\u00fcmblust\u00fcnn mis on v\u00e4ga selgete disainjoontega ja eelistatud toode just aiakujunajate seas. Tootel on integreeritud lisavarustuse nurk (V\u00f5imalik ka ilma nurgata) ja saab valida kas integreeritud ahju v\u00f5i eraldiseisva ahjuga. Laiad \u00e4\u00e4red on m\u00f5eldud just selleks,et oleks turvalisem kasutada kas oma mobiili v\u00f5i mokteili hoidmiseks.Kaldnurgaga iste toetab istumist ja v\u00e4ga hea kaldenurgaga sein mis aitab seljal l\u00f5\u00f5gastuda ja ei koorma seda istumisel.<\/p>\n<p>Toode mahutab 1800 liitrit vett.\u00a0 M\u00f5eldud 6-8-le. inimesele<\/p>\n","protected":false},"excerpt":{"rendered":"<p>K\u00fcmblust\u00fcnn mis on valmistatud taskukohasema hinnaklassi jaoks kuid mida on vajadusel v\u00f5imalik modifitseerida ja lisada lisavarustust vastavalt soovidele.<\/p>\n<p>Sisaldab; eraldiseisev ahi 37kw.,2 korda viimistletud voodrilaud. soojahoidev kate.<\/p>\n","protected":false},"featured_media":1851,"template":"","meta":{"_lmt_disableupdate":"no","_lmt_disable":""},"product_brand":[],"product_cat":[15,62],"product_tag":[],"class_list":{"0":"post-2263","1":"product","2":"type-product","3":"status-publish","4":"has-post-thumbnail","6":"product_cat-koik","7":"product_cat-valmiskomplekt","8":"product_shipping_class-kymblustynnid","10":"first","11":"instock","12":"taxable","13":"shipping-taxable","14":"purchasable","15":"product-type-simple"},"yoast_head":"<!-- This site is optimized with the Yoast SEO Premium plugin v24.1 (Yoast SEO v27.4) - https:\/\/yoast.com\/product\/yoast-seo-premium-wordpress\/ -->\n<title>K\u00fcmblust\u00fcnn BCD1800 (valmislahendus) - BCD Plast<\/title>\n<meta name=\"robots\" content=\"index, follow, max-snippet:-1, max-image-preview:large, max-video-preview:-1\" \/>\n<link rel=\"canonical\" href=\"https:\/\/bcdplast.ee\/toode\/kumblustunn-bcd1800-valmislahendus\/\" \/>\n<meta property=\"og:locale\" content=\"en_US\" \/>\n<meta property=\"og:type\" content=\"article\" \/>\n<meta property=\"og:title\" content=\"K\u00fcmblust\u00fcnn BCD1800 (valmislahendus)\" \/>\n<meta property=\"og:description\" content=\"K\u00fcmblust\u00fcnn mis on valmistatud taskukohasema hinnaklassi jaoks kuid mida on vajadusel v\u00f5imalik modifitseerida ja lisada lisavarustust vastavalt soovidele.  Sisaldab; eraldiseisev ahi 37kw.,2 korda viimistletud voodrilaud. soojahoidev kate.\" \/>\n<meta property=\"og:url\" content=\"https:\/\/bcdplast.ee\/toode\/kumblustunn-bcd1800-valmislahendus\/\" \/>\n<meta property=\"og:site_name\" content=\"BCD Plast\" \/>\n<meta property=\"article:publisher\" content=\"https:\/\/www.facebook.com\/profile.php?id=61553383468689\" \/>\n<meta property=\"article:modified_time\" content=\"2025-08-24T10:52:20+00:00\" \/>\n<meta property=\"og:image\" content=\"https:\/\/bcdplast.ee\/wp-content\/uploads\/2024\/04\/1800-pealt-vaade.png\" \/>\n\t<meta property=\"og:image:width\" content=\"1333\" \/>\n\t<meta property=\"og:image:height\" content=\"1000\" \/>\n\t<meta property=\"og:image:type\" content=\"image\/png\" \/>\n<meta name=\"twitter:card\" content=\"summary_large_image\" \/>\n<meta name=\"twitter:label1\" content=\"Est. reading time\" \/>\n\t<meta name=\"twitter:data1\" content=\"1 minute\" \/>\n<script type=\"application\/ld+json\" class=\"yoast-schema-graph\">{\"@context\":\"https:\\\/\\\/schema.org\",\"@graph\":[{\"@type\":\"WebPage\",\"@id\":\"https:\\\/\\\/bcdplast.ee\\\/toode\\\/kumblustunn-bcd1800-valmislahendus\\\/\",\"url\":\"https:\\\/\\\/bcdplast.ee\\\/toode\\\/kumblustunn-bcd1800-valmislahendus\\\/\",\"name\":\"K\u00fcmblust\u00fcnn BCD1800 (valmislahendus) - BCD Plast\",\"isPartOf\":{\"@id\":\"https:\\\/\\\/bcdplast.ee\\\/en\\\/#website\"},\"primaryImageOfPage\":{\"@id\":\"https:\\\/\\\/bcdplast.ee\\\/toode\\\/kumblustunn-bcd1800-valmislahendus\\\/#primaryimage\"},\"image\":{\"@id\":\"https:\\\/\\\/bcdplast.ee\\\/toode\\\/kumblustunn-bcd1800-valmislahendus\\\/#primaryimage\"},\"thumbnailUrl\":\"https:\\\/\\\/bcdplast.ee\\\/wp-content\\\/uploads\\\/2024\\\/04\\\/1800-pealt-vaade.png\",\"datePublished\":\"2024-05-02T13:17:06+00:00\",\"dateModified\":\"2025-08-24T10:52:20+00:00\",\"breadcrumb\":{\"@id\":\"https:\\\/\\\/bcdplast.ee\\\/toode\\\/kumblustunn-bcd1800-valmislahendus\\\/#breadcrumb\"},\"inLanguage\":\"en-US\",\"potentialAction\":[{\"@type\":\"ReadAction\",\"target\":[\"https:\\\/\\\/bcdplast.ee\\\/toode\\\/kumblustunn-bcd1800-valmislahendus\\\/\"]}]},{\"@type\":\"ImageObject\",\"inLanguage\":\"en-US\",\"@id\":\"https:\\\/\\\/bcdplast.ee\\\/toode\\\/kumblustunn-bcd1800-valmislahendus\\\/#primaryimage\",\"url\":\"https:\\\/\\\/bcdplast.ee\\\/wp-content\\\/uploads\\\/2024\\\/04\\\/1800-pealt-vaade.png\",\"contentUrl\":\"https:\\\/\\\/bcdplast.ee\\\/wp-content\\\/uploads\\\/2024\\\/04\\\/1800-pealt-vaade.png\",\"width\":1333,\"height\":1000},{\"@type\":\"BreadcrumbList\",\"@id\":\"https:\\\/\\\/bcdplast.ee\\\/toode\\\/kumblustunn-bcd1800-valmislahendus\\\/#breadcrumb\",\"itemListElement\":[{\"@type\":\"ListItem\",\"position\":1,\"name\":\"Home\",\"item\":\"https:\\\/\\\/bcdplast.ee\\\/en\\\/\"},{\"@type\":\"ListItem\",\"position\":2,\"name\":\"Pood\",\"item\":\"https:\\\/\\\/bcdplast.ee\\\/pood\\\/\"},{\"@type\":\"ListItem\",\"position\":3,\"name\":\"K\u00fcmblust\u00fcnn BCD1800 (valmislahendus)\"}]},{\"@type\":\"WebSite\",\"@id\":\"https:\\\/\\\/bcdplast.ee\\\/en\\\/#website\",\"url\":\"https:\\\/\\\/bcdplast.ee\\\/en\\\/\",\"name\":\"BCDPlast.ee\",\"description\":\"\",\"publisher\":{\"@id\":\"https:\\\/\\\/bcdplast.ee\\\/en\\\/#organization\"},\"potentialAction\":[{\"@type\":\"SearchAction\",\"target\":{\"@type\":\"EntryPoint\",\"urlTemplate\":\"https:\\\/\\\/bcdplast.ee\\\/en\\\/?s={search_term_string}\"},\"query-input\":{\"@type\":\"PropertyValueSpecification\",\"valueRequired\":true,\"valueName\":\"search_term_string\"}}],\"inLanguage\":\"en-US\"},{\"@type\":\"Organization\",\"@id\":\"https:\\\/\\\/bcdplast.ee\\\/en\\\/#organization\",\"name\":\"BCDsync o\u00fc\",\"url\":\"https:\\\/\\\/bcdplast.ee\\\/en\\\/\",\"logo\":{\"@type\":\"ImageObject\",\"inLanguage\":\"en-US\",\"@id\":\"https:\\\/\\\/bcdplast.ee\\\/en\\\/#\\\/schema\\\/logo\\\/image\\\/\",\"url\":\"https:\\\/\\\/bcdplast.ee\\\/wp-content\\\/uploads\\\/2024\\\/04\\\/VALGE-1.jpg\",\"contentUrl\":\"https:\\\/\\\/bcdplast.ee\\\/wp-content\\\/uploads\\\/2024\\\/04\\\/VALGE-1.jpg\",\"width\":800,\"height\":800,\"caption\":\"BCDsync o\u00fc\"},\"image\":{\"@id\":\"https:\\\/\\\/bcdplast.ee\\\/en\\\/#\\\/schema\\\/logo\\\/image\\\/\"},\"sameAs\":[\"https:\\\/\\\/www.facebook.com\\\/profile.php?id=61553383468689\"]}]}<\/script>\n<!-- \/ Yoast SEO Premium plugin. -->","yoast_head_json":{"title":"K\u00fcmblust\u00fcnn BCD1800 (valmislahendus) - BCD Plast","robots":{"index":"index","follow":"follow","max-snippet":"max-snippet:-1","max-image-preview":"max-image-preview:large","max-video-preview":"max-video-preview:-1"},"canonical":"https:\/\/bcdplast.ee\/toode\/kumblustunn-bcd1800-valmislahendus\/","og_locale":"en_US","og_type":"article","og_title":"K\u00fcmblust\u00fcnn BCD1800 (valmislahendus)","og_description":"K\u00fcmblust\u00fcnn mis on valmistatud taskukohasema hinnaklassi jaoks kuid mida on vajadusel v\u00f5imalik modifitseerida ja lisada lisavarustust vastavalt soovidele.  Sisaldab; eraldiseisev ahi 37kw.,2 korda viimistletud voodrilaud. soojahoidev kate.","og_url":"https:\/\/bcdplast.ee\/toode\/kumblustunn-bcd1800-valmislahendus\/","og_site_name":"BCD Plast","article_publisher":"https:\/\/www.facebook.com\/profile.php?id=61553383468689","article_modified_time":"2025-08-24T10:52:20+00:00","og_image":[{"width":1333,"height":1000,"url":"https:\/\/bcdplast.ee\/wp-content\/uploads\/2024\/04\/1800-pealt-vaade.png","type":"image\/png"}],"twitter_card":"summary_large_image","twitter_misc":{"Est. reading time":"1 minute"},"schema":{"@context":"https:\/\/schema.org","@graph":[{"@type":"WebPage","@id":"https:\/\/bcdplast.ee\/toode\/kumblustunn-bcd1800-valmislahendus\/","url":"https:\/\/bcdplast.ee\/toode\/kumblustunn-bcd1800-valmislahendus\/","name":"K\u00fcmblust\u00fcnn BCD1800 (valmislahendus) - BCD Plast","isPartOf":{"@id":"https:\/\/bcdplast.ee\/en\/#website"},"primaryImageOfPage":{"@id":"https:\/\/bcdplast.ee\/toode\/kumblustunn-bcd1800-valmislahendus\/#primaryimage"},"image":{"@id":"https:\/\/bcdplast.ee\/toode\/kumblustunn-bcd1800-valmislahendus\/#primaryimage"},"thumbnailUrl":"https:\/\/bcdplast.ee\/wp-content\/uploads\/2024\/04\/1800-pealt-vaade.png","datePublished":"2024-05-02T13:17:06+00:00","dateModified":"2025-08-24T10:52:20+00:00","breadcrumb":{"@id":"https:\/\/bcdplast.ee\/toode\/kumblustunn-bcd1800-valmislahendus\/#breadcrumb"},"inLanguage":"en-US","potentialAction":[{"@type":"ReadAction","target":["https:\/\/bcdplast.ee\/toode\/kumblustunn-bcd1800-valmislahendus\/"]}]},{"@type":"ImageObject","inLanguage":"en-US","@id":"https:\/\/bcdplast.ee\/toode\/kumblustunn-bcd1800-valmislahendus\/#primaryimage","url":"https:\/\/bcdplast.ee\/wp-content\/uploads\/2024\/04\/1800-pealt-vaade.png","contentUrl":"https:\/\/bcdplast.ee\/wp-content\/uploads\/2024\/04\/1800-pealt-vaade.png","width":1333,"height":1000},{"@type":"BreadcrumbList","@id":"https:\/\/bcdplast.ee\/toode\/kumblustunn-bcd1800-valmislahendus\/#breadcrumb","itemListElement":[{"@type":"ListItem","position":1,"name":"Home","item":"https:\/\/bcdplast.ee\/en\/"},{"@type":"ListItem","position":2,"name":"Pood","item":"https:\/\/bcdplast.ee\/pood\/"},{"@type":"ListItem","position":3,"name":"K\u00fcmblust\u00fcnn BCD1800 (valmislahendus)"}]},{"@type":"WebSite","@id":"https:\/\/bcdplast.ee\/en\/#website","url":"https:\/\/bcdplast.ee\/en\/","name":"BCDPlast.ee","description":"","publisher":{"@id":"https:\/\/bcdplast.ee\/en\/#organization"},"potentialAction":[{"@type":"SearchAction","target":{"@type":"EntryPoint","urlTemplate":"https:\/\/bcdplast.ee\/en\/?s={search_term_string}"},"query-input":{"@type":"PropertyValueSpecification","valueRequired":true,"valueName":"search_term_string"}}],"inLanguage":"en-US"},{"@type":"Organization","@id":"https:\/\/bcdplast.ee\/en\/#organization","name":"BCDsync o\u00fc","url":"https:\/\/bcdplast.ee\/en\/","logo":{"@type":"ImageObject","inLanguage":"en-US","@id":"https:\/\/bcdplast.ee\/en\/#\/schema\/logo\/image\/","url":"https:\/\/bcdplast.ee\/wp-content\/uploads\/2024\/04\/VALGE-1.jpg","contentUrl":"https:\/\/bcdplast.ee\/wp-content\/uploads\/2024\/04\/VALGE-1.jpg","width":800,"height":800,"caption":"BCDsync o\u00fc"},"image":{"@id":"https:\/\/bcdplast.ee\/en\/#\/schema\/logo\/image\/"},"sameAs":["https:\/\/www.facebook.com\/profile.php?id=61553383468689"]}]}},"_links":{"self":[{"href":"https:\/\/bcdplast.ee\/en\/wp-json\/wp\/v2\/product\/2263","targetHints":{"allow":["GET"]}}],"collection":[{"href":"https:\/\/bcdplast.ee\/en\/wp-json\/wp\/v2\/product"}],"about":[{"href":"https:\/\/bcdplast.ee\/en\/wp-json\/wp\/v2\/types\/product"}],"wp:featuredmedia":[{"embeddable":true,"href":"https:\/\/bcdplast.ee\/en\/wp-json\/wp\/v2\/media\/1851"}],"wp:attachment":[{"href":"https:\/\/bcdplast.ee\/en\/wp-json\/wp\/v2\/media?parent=2263"}],"wp:term":[{"taxonomy":"product_brand","embeddable":true,"href":"https:\/\/bcdplast.ee\/en\/wp-json\/wp\/v2\/product_brand?post=2263"},{"taxonomy":"product_cat","embeddable":true,"href":"https:\/\/bcdplast.ee\/en\/wp-json\/wp\/v2\/product_cat?post=2263"},{"taxonomy":"product_tag","embeddable":true,"href":"https:\/\/bcdplast.ee\/en\/wp-json\/wp\/v2\/product_tag?post=2263"}],"curies":[{"name":"wp","href":"https:\/\/api.w.org\/{rel}","templated":true}]}}