{"id":3285,"date":"2025-04-26T05:49:34","date_gmt":"2025-04-26T05:49:34","guid":{"rendered":"https:\/\/bcdplast.ee\/?post_type=product&#038;p=3285"},"modified":"2025-08-24T10:45:49","modified_gmt":"2025-08-24T10:45:49","slug":"elektrikuttega-ahi","status":"publish","type":"product","link":"https:\/\/bcdplast.ee\/en\/toode\/elektrikuttega-ahi\/","title":{"rendered":"Elektrik\u00fcte 3kw  k\u00fcmblust\u00fcnnile"},"content":{"rendered":"","protected":false},"excerpt":{"rendered":"","protected":false},"featured_media":3317,"template":"","meta":{"_lmt_disableupdate":"no","_lmt_disable":""},"product_brand":[],"product_cat":[101,81],"product_tag":[],"class_list":{"0":"post-3285","1":"product","2":"type-product","3":"status-publish","4":"has-post-thumbnail","6":"product_cat-ahjud","7":"product_cat-lisavarustus","9":"first","10":"instock","11":"taxable","12":"shipping-taxable","13":"purchasable","14":"product-type-simple"},"yoast_head":"<!-- This site is optimized with the Yoast SEO Premium plugin v24.1 (Yoast SEO v27.4) - https:\/\/yoast.com\/product\/yoast-seo-premium-wordpress\/ -->\n<title>Elektrik\u00fcte 3kw k\u00fcmblust\u00fcnnile - BCD Plast<\/title>\n<meta name=\"robots\" content=\"index, follow, max-snippet:-1, max-image-preview:large, max-video-preview:-1\" \/>\n<link rel=\"canonical\" href=\"https:\/\/bcdplast.ee\/toode\/elektrikuttega-ahi\/\" \/>\n<meta property=\"og:locale\" content=\"en_US\" \/>\n<meta property=\"og:type\" content=\"article\" \/>\n<meta property=\"og:title\" content=\"Elektrik\u00fcte 3kw k\u00fcmblust\u00fcnnile\" \/>\n<meta property=\"og:url\" content=\"https:\/\/bcdplast.ee\/toode\/elektrikuttega-ahi\/\" \/>\n<meta property=\"og:site_name\" content=\"BCD Plast\" \/>\n<meta property=\"article:publisher\" content=\"https:\/\/www.facebook.com\/profile.php?id=61553383468689\" \/>\n<meta property=\"article:modified_time\" content=\"2025-08-24T10:45:49+00:00\" \/>\n<meta property=\"og:image\" content=\"https:\/\/bcdplast.ee\/wp-content\/uploads\/2025\/04\/3-kw-elecro-nano-titanium.jpg\" \/>\n\t<meta property=\"og:image:width\" content=\"1000\" \/>\n\t<meta property=\"og:image:height\" content=\"1000\" \/>\n\t<meta property=\"og:image:type\" content=\"image\/jpeg\" \/>\n<meta name=\"twitter:card\" content=\"summary_large_image\" \/>\n<meta name=\"twitter:label1\" content=\"Est. reading time\" \/>\n\t<meta name=\"twitter:data1\" content=\"1 minute\" \/>\n<script type=\"application\/ld+json\" class=\"yoast-schema-graph\">{\"@context\":\"https:\\\/\\\/schema.org\",\"@graph\":[{\"@type\":\"WebPage\",\"@id\":\"https:\\\/\\\/bcdplast.ee\\\/toode\\\/elektrikuttega-ahi\\\/\",\"url\":\"https:\\\/\\\/bcdplast.ee\\\/toode\\\/elektrikuttega-ahi\\\/\",\"name\":\"Elektrik\u00fcte 3kw k\u00fcmblust\u00fcnnile - BCD Plast\",\"isPartOf\":{\"@id\":\"https:\\\/\\\/bcdplast.ee\\\/en\\\/#website\"},\"primaryImageOfPage\":{\"@id\":\"https:\\\/\\\/bcdplast.ee\\\/toode\\\/elektrikuttega-ahi\\\/#primaryimage\"},\"image\":{\"@id\":\"https:\\\/\\\/bcdplast.ee\\\/toode\\\/elektrikuttega-ahi\\\/#primaryimage\"},\"thumbnailUrl\":\"https:\\\/\\\/bcdplast.ee\\\/wp-content\\\/uploads\\\/2025\\\/04\\\/3-kw-elecro-nano-titanium.jpg\",\"datePublished\":\"2025-04-26T05:49:34+00:00\",\"dateModified\":\"2025-08-24T10:45:49+00:00\",\"breadcrumb\":{\"@id\":\"https:\\\/\\\/bcdplast.ee\\\/toode\\\/elektrikuttega-ahi\\\/#breadcrumb\"},\"inLanguage\":\"en-US\",\"potentialAction\":[{\"@type\":\"ReadAction\",\"target\":[\"https:\\\/\\\/bcdplast.ee\\\/toode\\\/elektrikuttega-ahi\\\/\"]}]},{\"@type\":\"ImageObject\",\"inLanguage\":\"en-US\",\"@id\":\"https:\\\/\\\/bcdplast.ee\\\/toode\\\/elektrikuttega-ahi\\\/#primaryimage\",\"url\":\"https:\\\/\\\/bcdplast.ee\\\/wp-content\\\/uploads\\\/2025\\\/04\\\/3-kw-elecro-nano-titanium.jpg\",\"contentUrl\":\"https:\\\/\\\/bcdplast.ee\\\/wp-content\\\/uploads\\\/2025\\\/04\\\/3-kw-elecro-nano-titanium.jpg\",\"width\":1000,\"height\":1000},{\"@type\":\"BreadcrumbList\",\"@id\":\"https:\\\/\\\/bcdplast.ee\\\/toode\\\/elektrikuttega-ahi\\\/#breadcrumb\",\"itemListElement\":[{\"@type\":\"ListItem\",\"position\":1,\"name\":\"Home\",\"item\":\"https:\\\/\\\/bcdplast.ee\\\/en\\\/\"},{\"@type\":\"ListItem\",\"position\":2,\"name\":\"Pood\",\"item\":\"https:\\\/\\\/bcdplast.ee\\\/pood\\\/\"},{\"@type\":\"ListItem\",\"position\":3,\"name\":\"Elektrik\u00fcte 3kw k\u00fcmblust\u00fcnnile\"}]},{\"@type\":\"WebSite\",\"@id\":\"https:\\\/\\\/bcdplast.ee\\\/en\\\/#website\",\"url\":\"https:\\\/\\\/bcdplast.ee\\\/en\\\/\",\"name\":\"BCDPlast.ee\",\"description\":\"\",\"publisher\":{\"@id\":\"https:\\\/\\\/bcdplast.ee\\\/en\\\/#organization\"},\"potentialAction\":[{\"@type\":\"SearchAction\",\"target\":{\"@type\":\"EntryPoint\",\"urlTemplate\":\"https:\\\/\\\/bcdplast.ee\\\/en\\\/?s={search_term_string}\"},\"query-input\":{\"@type\":\"PropertyValueSpecification\",\"valueRequired\":true,\"valueName\":\"search_term_string\"}}],\"inLanguage\":\"en-US\"},{\"@type\":\"Organization\",\"@id\":\"https:\\\/\\\/bcdplast.ee\\\/en\\\/#organization\",\"name\":\"BCDsync o\u00fc\",\"url\":\"https:\\\/\\\/bcdplast.ee\\\/en\\\/\",\"logo\":{\"@type\":\"ImageObject\",\"inLanguage\":\"en-US\",\"@id\":\"https:\\\/\\\/bcdplast.ee\\\/en\\\/#\\\/schema\\\/logo\\\/image\\\/\",\"url\":\"https:\\\/\\\/bcdplast.ee\\\/wp-content\\\/uploads\\\/2024\\\/04\\\/VALGE-1.jpg\",\"contentUrl\":\"https:\\\/\\\/bcdplast.ee\\\/wp-content\\\/uploads\\\/2024\\\/04\\\/VALGE-1.jpg\",\"width\":800,\"height\":800,\"caption\":\"BCDsync o\u00fc\"},\"image\":{\"@id\":\"https:\\\/\\\/bcdplast.ee\\\/en\\\/#\\\/schema\\\/logo\\\/image\\\/\"},\"sameAs\":[\"https:\\\/\\\/www.facebook.com\\\/profile.php?id=61553383468689\"]}]}<\/script>\n<!-- \/ Yoast SEO Premium plugin. -->","yoast_head_json":{"title":"Elektrik\u00fcte 3kw k\u00fcmblust\u00fcnnile - BCD Plast","robots":{"index":"index","follow":"follow","max-snippet":"max-snippet:-1","max-image-preview":"max-image-preview:large","max-video-preview":"max-video-preview:-1"},"canonical":"https:\/\/bcdplast.ee\/toode\/elektrikuttega-ahi\/","og_locale":"en_US","og_type":"article","og_title":"Elektrik\u00fcte 3kw k\u00fcmblust\u00fcnnile","og_url":"https:\/\/bcdplast.ee\/toode\/elektrikuttega-ahi\/","og_site_name":"BCD Plast","article_publisher":"https:\/\/www.facebook.com\/profile.php?id=61553383468689","article_modified_time":"2025-08-24T10:45:49+00:00","og_image":[{"width":1000,"height":1000,"url":"https:\/\/bcdplast.ee\/wp-content\/uploads\/2025\/04\/3-kw-elecro-nano-titanium.jpg","type":"image\/jpeg"}],"twitter_card":"summary_large_image","twitter_misc":{"Est. reading time":"1 minute"},"schema":{"@context":"https:\/\/schema.org","@graph":[{"@type":"WebPage","@id":"https:\/\/bcdplast.ee\/toode\/elektrikuttega-ahi\/","url":"https:\/\/bcdplast.ee\/toode\/elektrikuttega-ahi\/","name":"Elektrik\u00fcte 3kw k\u00fcmblust\u00fcnnile - BCD Plast","isPartOf":{"@id":"https:\/\/bcdplast.ee\/en\/#website"},"primaryImageOfPage":{"@id":"https:\/\/bcdplast.ee\/toode\/elektrikuttega-ahi\/#primaryimage"},"image":{"@id":"https:\/\/bcdplast.ee\/toode\/elektrikuttega-ahi\/#primaryimage"},"thumbnailUrl":"https:\/\/bcdplast.ee\/wp-content\/uploads\/2025\/04\/3-kw-elecro-nano-titanium.jpg","datePublished":"2025-04-26T05:49:34+00:00","dateModified":"2025-08-24T10:45:49+00:00","breadcrumb":{"@id":"https:\/\/bcdplast.ee\/toode\/elektrikuttega-ahi\/#breadcrumb"},"inLanguage":"en-US","potentialAction":[{"@type":"ReadAction","target":["https:\/\/bcdplast.ee\/toode\/elektrikuttega-ahi\/"]}]},{"@type":"ImageObject","inLanguage":"en-US","@id":"https:\/\/bcdplast.ee\/toode\/elektrikuttega-ahi\/#primaryimage","url":"https:\/\/bcdplast.ee\/wp-content\/uploads\/2025\/04\/3-kw-elecro-nano-titanium.jpg","contentUrl":"https:\/\/bcdplast.ee\/wp-content\/uploads\/2025\/04\/3-kw-elecro-nano-titanium.jpg","width":1000,"height":1000},{"@type":"BreadcrumbList","@id":"https:\/\/bcdplast.ee\/toode\/elektrikuttega-ahi\/#breadcrumb","itemListElement":[{"@type":"ListItem","position":1,"name":"Home","item":"https:\/\/bcdplast.ee\/en\/"},{"@type":"ListItem","position":2,"name":"Pood","item":"https:\/\/bcdplast.ee\/pood\/"},{"@type":"ListItem","position":3,"name":"Elektrik\u00fcte 3kw k\u00fcmblust\u00fcnnile"}]},{"@type":"WebSite","@id":"https:\/\/bcdplast.ee\/en\/#website","url":"https:\/\/bcdplast.ee\/en\/","name":"BCDPlast.ee","description":"","publisher":{"@id":"https:\/\/bcdplast.ee\/en\/#organization"},"potentialAction":[{"@type":"SearchAction","target":{"@type":"EntryPoint","urlTemplate":"https:\/\/bcdplast.ee\/en\/?s={search_term_string}"},"query-input":{"@type":"PropertyValueSpecification","valueRequired":true,"valueName":"search_term_string"}}],"inLanguage":"en-US"},{"@type":"Organization","@id":"https:\/\/bcdplast.ee\/en\/#organization","name":"BCDsync o\u00fc","url":"https:\/\/bcdplast.ee\/en\/","logo":{"@type":"ImageObject","inLanguage":"en-US","@id":"https:\/\/bcdplast.ee\/en\/#\/schema\/logo\/image\/","url":"https:\/\/bcdplast.ee\/wp-content\/uploads\/2024\/04\/VALGE-1.jpg","contentUrl":"https:\/\/bcdplast.ee\/wp-content\/uploads\/2024\/04\/VALGE-1.jpg","width":800,"height":800,"caption":"BCDsync o\u00fc"},"image":{"@id":"https:\/\/bcdplast.ee\/en\/#\/schema\/logo\/image\/"},"sameAs":["https:\/\/www.facebook.com\/profile.php?id=61553383468689"]}]}},"_links":{"self":[{"href":"https:\/\/bcdplast.ee\/en\/wp-json\/wp\/v2\/product\/3285","targetHints":{"allow":["GET"]}}],"collection":[{"href":"https:\/\/bcdplast.ee\/en\/wp-json\/wp\/v2\/product"}],"about":[{"href":"https:\/\/bcdplast.ee\/en\/wp-json\/wp\/v2\/types\/product"}],"wp:featuredmedia":[{"embeddable":true,"href":"https:\/\/bcdplast.ee\/en\/wp-json\/wp\/v2\/media\/3317"}],"wp:attachment":[{"href":"https:\/\/bcdplast.ee\/en\/wp-json\/wp\/v2\/media?parent=3285"}],"wp:term":[{"taxonomy":"product_brand","embeddable":true,"href":"https:\/\/bcdplast.ee\/en\/wp-json\/wp\/v2\/product_brand?post=3285"},{"taxonomy":"product_cat","embeddable":true,"href":"https:\/\/bcdplast.ee\/en\/wp-json\/wp\/v2\/product_cat?post=3285"},{"taxonomy":"product_tag","embeddable":true,"href":"https:\/\/bcdplast.ee\/en\/wp-json\/wp\/v2\/product_tag?post=3285"}],"curies":[{"name":"wp","href":"https:\/\/api.w.org\/{rel}","templated":true}]}}