{"id":2201,"date":"2024-04-23T09:48:57","date_gmt":"2024-04-23T09:48:57","guid":{"rendered":"https:\/\/bcdplast.ee\/?post_type=product&#038;p=2201"},"modified":"2025-04-28T18:29:07","modified_gmt":"2025-04-28T18:29:07","slug":"mullisusteem","status":"publish","type":"product","link":"https:\/\/bcdplast.ee\/fi\/toode\/mullisusteem\/","title":{"rendered":"Mullis\u00fcsteem"},"content":{"rendered":"","protected":false},"excerpt":{"rendered":"<p>Mullis\u00fcsteemi komplekt mis sisaldab\u00a0 pump, vaakuml\u00fcliti, 6 d\u00fc\u00fcsi\u00a0 vajaminevaid voolikuid ja klambreid.\u00a0 Saab lisada 6 d\u00fc\u00fcsi juurde +50 EUR<\/p>\n<p>Pilt on illustratiivne!<\/p>\n","protected":false},"featured_media":1985,"template":"","meta":{"_lmt_disableupdate":"no","_lmt_disable":""},"product_brand":[],"product_cat":[81],"product_tag":[],"class_list":{"0":"post-2201","1":"product","2":"type-product","3":"status-publish","4":"has-post-thumbnail","6":"product_cat-lisavarustus","8":"first","9":"instock","10":"taxable","11":"shipping-taxable","12":"purchasable","13":"product-type-simple"},"yoast_head":"<!-- This site is optimized with the Yoast SEO Premium plugin v24.1 (Yoast SEO v27.4) - https:\/\/yoast.com\/product\/yoast-seo-premium-wordpress\/ -->\n<title>Mullis\u00fcsteem - BCD Plast<\/title>\n<meta name=\"robots\" content=\"index, follow, max-snippet:-1, max-image-preview:large, max-video-preview:-1\" \/>\n<link rel=\"canonical\" href=\"https:\/\/bcdplast.ee\/toode\/mullisusteem\/\" \/>\n<meta property=\"og:locale\" content=\"fi_FI\" \/>\n<meta property=\"og:type\" content=\"article\" \/>\n<meta property=\"og:title\" content=\"Mullis\u00fcsteem\" \/>\n<meta property=\"og:description\" content=\"Mullis\u00fcsteemi komplekt mis sisaldab\u00a0 pump, vaakuml\u00fcliti, 6 d\u00fc\u00fcsi\u00a0 vajaminevaid voolikuid ja klambreid.\u00a0 Saab lisada 6 d\u00fc\u00fcsi juurde +50 EUR  Pilt on illustratiivne!\" \/>\n<meta property=\"og:url\" content=\"https:\/\/bcdplast.ee\/toode\/mullisusteem\/\" \/>\n<meta property=\"og:site_name\" content=\"BCD Plast\" \/>\n<meta property=\"article:publisher\" content=\"https:\/\/www.facebook.com\/profile.php?id=61553383468689\" \/>\n<meta property=\"article:modified_time\" content=\"2025-04-28T18:29:07+00:00\" \/>\n<meta property=\"og:image\" content=\"https:\/\/bcdplast.ee\/wp-content\/uploads\/2024\/04\/Mullisusteem.jpg\" \/>\n\t<meta property=\"og:image:width\" content=\"800\" \/>\n\t<meta property=\"og:image:height\" content=\"800\" \/>\n\t<meta property=\"og:image:type\" content=\"image\/jpeg\" \/>\n<meta name=\"twitter:card\" content=\"summary_large_image\" \/>\n<meta name=\"twitter:label1\" content=\"Arvioitu lukuaika\" \/>\n\t<meta name=\"twitter:data1\" content=\"1 minuutti\" \/>\n<script type=\"application\/ld+json\" class=\"yoast-schema-graph\">{\"@context\":\"https:\\\/\\\/schema.org\",\"@graph\":[{\"@type\":\"WebPage\",\"@id\":\"https:\\\/\\\/bcdplast.ee\\\/toode\\\/mullisusteem\\\/\",\"url\":\"https:\\\/\\\/bcdplast.ee\\\/toode\\\/mullisusteem\\\/\",\"name\":\"Mullis\u00fcsteem - BCD Plast\",\"isPartOf\":{\"@id\":\"https:\\\/\\\/bcdplast.ee\\\/en\\\/#website\"},\"primaryImageOfPage\":{\"@id\":\"https:\\\/\\\/bcdplast.ee\\\/toode\\\/mullisusteem\\\/#primaryimage\"},\"image\":{\"@id\":\"https:\\\/\\\/bcdplast.ee\\\/toode\\\/mullisusteem\\\/#primaryimage\"},\"thumbnailUrl\":\"https:\\\/\\\/bcdplast.ee\\\/wp-content\\\/uploads\\\/2024\\\/04\\\/Mullisusteem.jpg\",\"datePublished\":\"2024-04-23T09:48:57+00:00\",\"dateModified\":\"2025-04-28T18:29:07+00:00\",\"breadcrumb\":{\"@id\":\"https:\\\/\\\/bcdplast.ee\\\/toode\\\/mullisusteem\\\/#breadcrumb\"},\"inLanguage\":\"fi\",\"potentialAction\":[{\"@type\":\"ReadAction\",\"target\":[\"https:\\\/\\\/bcdplast.ee\\\/toode\\\/mullisusteem\\\/\"]}]},{\"@type\":\"ImageObject\",\"inLanguage\":\"fi\",\"@id\":\"https:\\\/\\\/bcdplast.ee\\\/toode\\\/mullisusteem\\\/#primaryimage\",\"url\":\"https:\\\/\\\/bcdplast.ee\\\/wp-content\\\/uploads\\\/2024\\\/04\\\/Mullisusteem.jpg\",\"contentUrl\":\"https:\\\/\\\/bcdplast.ee\\\/wp-content\\\/uploads\\\/2024\\\/04\\\/Mullisusteem.jpg\",\"width\":800,\"height\":800},{\"@type\":\"BreadcrumbList\",\"@id\":\"https:\\\/\\\/bcdplast.ee\\\/toode\\\/mullisusteem\\\/#breadcrumb\",\"itemListElement\":[{\"@type\":\"ListItem\",\"position\":1,\"name\":\"Home\",\"item\":\"https:\\\/\\\/bcdplast.ee\\\/\"},{\"@type\":\"ListItem\",\"position\":2,\"name\":\"Pood\",\"item\":\"https:\\\/\\\/bcdplast.ee\\\/pood\\\/\"},{\"@type\":\"ListItem\",\"position\":3,\"name\":\"Mullis\u00fcsteem\"}]},{\"@type\":\"WebSite\",\"@id\":\"https:\\\/\\\/bcdplast.ee\\\/en\\\/#website\",\"url\":\"https:\\\/\\\/bcdplast.ee\\\/en\\\/\",\"name\":\"BCDPlast.ee\",\"description\":\"\",\"publisher\":{\"@id\":\"https:\\\/\\\/bcdplast.ee\\\/en\\\/#organization\"},\"potentialAction\":[{\"@type\":\"SearchAction\",\"target\":{\"@type\":\"EntryPoint\",\"urlTemplate\":\"https:\\\/\\\/bcdplast.ee\\\/en\\\/?s={search_term_string}\"},\"query-input\":{\"@type\":\"PropertyValueSpecification\",\"valueRequired\":true,\"valueName\":\"search_term_string\"}}],\"inLanguage\":\"fi\"},{\"@type\":\"Organization\",\"@id\":\"https:\\\/\\\/bcdplast.ee\\\/en\\\/#organization\",\"name\":\"BCDsync o\u00fc\",\"url\":\"https:\\\/\\\/bcdplast.ee\\\/en\\\/\",\"logo\":{\"@type\":\"ImageObject\",\"inLanguage\":\"fi\",\"@id\":\"https:\\\/\\\/bcdplast.ee\\\/en\\\/#\\\/schema\\\/logo\\\/image\\\/\",\"url\":\"https:\\\/\\\/bcdplast.ee\\\/wp-content\\\/uploads\\\/2024\\\/04\\\/VALGE-1.jpg\",\"contentUrl\":\"https:\\\/\\\/bcdplast.ee\\\/wp-content\\\/uploads\\\/2024\\\/04\\\/VALGE-1.jpg\",\"width\":800,\"height\":800,\"caption\":\"BCDsync o\u00fc\"},\"image\":{\"@id\":\"https:\\\/\\\/bcdplast.ee\\\/en\\\/#\\\/schema\\\/logo\\\/image\\\/\"},\"sameAs\":[\"https:\\\/\\\/www.facebook.com\\\/profile.php?id=61553383468689\"]}]}<\/script>\n<!-- \/ Yoast SEO Premium plugin. -->","yoast_head_json":{"title":"Mullis\u00fcsteem - BCD Plast","robots":{"index":"index","follow":"follow","max-snippet":"max-snippet:-1","max-image-preview":"max-image-preview:large","max-video-preview":"max-video-preview:-1"},"canonical":"https:\/\/bcdplast.ee\/toode\/mullisusteem\/","og_locale":"fi_FI","og_type":"article","og_title":"Mullis\u00fcsteem","og_description":"Mullis\u00fcsteemi komplekt mis sisaldab\u00a0 pump, vaakuml\u00fcliti, 6 d\u00fc\u00fcsi\u00a0 vajaminevaid voolikuid ja klambreid.\u00a0 Saab lisada 6 d\u00fc\u00fcsi juurde +50 EUR  Pilt on illustratiivne!","og_url":"https:\/\/bcdplast.ee\/toode\/mullisusteem\/","og_site_name":"BCD Plast","article_publisher":"https:\/\/www.facebook.com\/profile.php?id=61553383468689","article_modified_time":"2025-04-28T18:29:07+00:00","og_image":[{"width":800,"height":800,"url":"https:\/\/bcdplast.ee\/wp-content\/uploads\/2024\/04\/Mullisusteem.jpg","type":"image\/jpeg"}],"twitter_card":"summary_large_image","twitter_misc":{"Arvioitu lukuaika":"1 minuutti"},"schema":{"@context":"https:\/\/schema.org","@graph":[{"@type":"WebPage","@id":"https:\/\/bcdplast.ee\/toode\/mullisusteem\/","url":"https:\/\/bcdplast.ee\/toode\/mullisusteem\/","name":"Mullis\u00fcsteem - BCD Plast","isPartOf":{"@id":"https:\/\/bcdplast.ee\/en\/#website"},"primaryImageOfPage":{"@id":"https:\/\/bcdplast.ee\/toode\/mullisusteem\/#primaryimage"},"image":{"@id":"https:\/\/bcdplast.ee\/toode\/mullisusteem\/#primaryimage"},"thumbnailUrl":"https:\/\/bcdplast.ee\/wp-content\/uploads\/2024\/04\/Mullisusteem.jpg","datePublished":"2024-04-23T09:48:57+00:00","dateModified":"2025-04-28T18:29:07+00:00","breadcrumb":{"@id":"https:\/\/bcdplast.ee\/toode\/mullisusteem\/#breadcrumb"},"inLanguage":"fi","potentialAction":[{"@type":"ReadAction","target":["https:\/\/bcdplast.ee\/toode\/mullisusteem\/"]}]},{"@type":"ImageObject","inLanguage":"fi","@id":"https:\/\/bcdplast.ee\/toode\/mullisusteem\/#primaryimage","url":"https:\/\/bcdplast.ee\/wp-content\/uploads\/2024\/04\/Mullisusteem.jpg","contentUrl":"https:\/\/bcdplast.ee\/wp-content\/uploads\/2024\/04\/Mullisusteem.jpg","width":800,"height":800},{"@type":"BreadcrumbList","@id":"https:\/\/bcdplast.ee\/toode\/mullisusteem\/#breadcrumb","itemListElement":[{"@type":"ListItem","position":1,"name":"Home","item":"https:\/\/bcdplast.ee\/"},{"@type":"ListItem","position":2,"name":"Pood","item":"https:\/\/bcdplast.ee\/pood\/"},{"@type":"ListItem","position":3,"name":"Mullis\u00fcsteem"}]},{"@type":"WebSite","@id":"https:\/\/bcdplast.ee\/en\/#website","url":"https:\/\/bcdplast.ee\/en\/","name":"BCDPlast.ee","description":"","publisher":{"@id":"https:\/\/bcdplast.ee\/en\/#organization"},"potentialAction":[{"@type":"SearchAction","target":{"@type":"EntryPoint","urlTemplate":"https:\/\/bcdplast.ee\/en\/?s={search_term_string}"},"query-input":{"@type":"PropertyValueSpecification","valueRequired":true,"valueName":"search_term_string"}}],"inLanguage":"fi"},{"@type":"Organization","@id":"https:\/\/bcdplast.ee\/en\/#organization","name":"BCDsync o\u00fc","url":"https:\/\/bcdplast.ee\/en\/","logo":{"@type":"ImageObject","inLanguage":"fi","@id":"https:\/\/bcdplast.ee\/en\/#\/schema\/logo\/image\/","url":"https:\/\/bcdplast.ee\/wp-content\/uploads\/2024\/04\/VALGE-1.jpg","contentUrl":"https:\/\/bcdplast.ee\/wp-content\/uploads\/2024\/04\/VALGE-1.jpg","width":800,"height":800,"caption":"BCDsync o\u00fc"},"image":{"@id":"https:\/\/bcdplast.ee\/en\/#\/schema\/logo\/image\/"},"sameAs":["https:\/\/www.facebook.com\/profile.php?id=61553383468689"]}]}},"_links":{"self":[{"href":"https:\/\/bcdplast.ee\/fi\/wp-json\/wp\/v2\/product\/2201","targetHints":{"allow":["GET"]}}],"collection":[{"href":"https:\/\/bcdplast.ee\/fi\/wp-json\/wp\/v2\/product"}],"about":[{"href":"https:\/\/bcdplast.ee\/fi\/wp-json\/wp\/v2\/types\/product"}],"wp:featuredmedia":[{"embeddable":true,"href":"https:\/\/bcdplast.ee\/fi\/wp-json\/wp\/v2\/media\/1985"}],"wp:attachment":[{"href":"https:\/\/bcdplast.ee\/fi\/wp-json\/wp\/v2\/media?parent=2201"}],"wp:term":[{"taxonomy":"product_brand","embeddable":true,"href":"https:\/\/bcdplast.ee\/fi\/wp-json\/wp\/v2\/product_brand?post=2201"},{"taxonomy":"product_cat","embeddable":true,"href":"https:\/\/bcdplast.ee\/fi\/wp-json\/wp\/v2\/product_cat?post=2201"},{"taxonomy":"product_tag","embeddable":true,"href":"https:\/\/bcdplast.ee\/fi\/wp-json\/wp\/v2\/product_tag?post=2201"}],"curies":[{"name":"wp","href":"https:\/\/api.w.org\/{rel}","templated":true}]}}